{"id":69,"date":"2024-10-17T15:30:12","date_gmt":"2024-10-17T13:30:12","guid":{"rendered":"https:\/\/axlproduction.fr\/?page_id=69"},"modified":"2025-08-01T11:07:18","modified_gmt":"2025-08-01T09:07:18","slug":"a-propos","status":"publish","type":"page","link":"https:\/\/www.axlproduction.fr\/index.php\/a-propos\/","title":{"rendered":"\u00e0 propos"},"content":{"rendered":"<p>[et_pb_section fb_built=\u00a0\u00bb1&Prime; _builder_version=\u00a0\u00bb4.27.2&Prime; _module_preset=\u00a0\u00bbdefault\u00a0\u00bb background_color=\u00a0\u00bb#000000&Prime; global_colors_info=\u00a0\u00bb{}\u00a0\u00bb][et_pb_row column_structure=\u00a0\u00bb1_2,1_2&Prime; _builder_version=\u00a0\u00bb4.27.2&Prime; _module_preset=\u00a0\u00bbdefault\u00a0\u00bb global_colors_info=\u00a0\u00bb{}\u00a0\u00bb][et_pb_column type=\u00a0\u00bb1_2&Prime; _builder_version=\u00a0\u00bb4.27.2&Prime; _module_preset=\u00a0\u00bbdefault\u00a0\u00bb global_colors_info=\u00a0\u00bb{}\u00a0\u00bb][dsm_text_notation notation_text=\u00a0\u00bbAxl Production\u00a0\u00bb after_text=\u00a0\u00bbPhotographe et Vid\u00e9aste Passionn\u00e9\u00a0\u00bb notation_color=\u00a0\u00bb#E09900&Prime; after_margin=\u00a0\u00bb15px||||false|false\u00a0\u00bb _builder_version=\u00a0\u00bb4.27.4&Prime; _module_preset=\u00a0\u00bbdefault\u00a0\u00bb header_font=\u00a0\u00bbFutura light||||||||\u00a0\u00bb header_text_color=\u00a0\u00bb#FFFFFF\u00a0\u00bb notation_text_color=\u00a0\u00bb#FFFFFF\u00a0\u00bb text_orientation=\u00a0\u00bbleft\u00a0\u00bb custom_margin=\u00a0\u00bb150px||||false|false\u00a0\u00bb custom_margin_tablet=\u00a0\u00bb0px||||false|false\u00a0\u00bb custom_margin_phone=\u00a0\u00bb0px||||false|false\u00a0\u00bb custom_margin_last_edited=\u00a0\u00bbon|phone\u00a0\u00bb hover_enabled=\u00a0\u00bb0&Prime; global_colors_info=\u00a0\u00bb{}\u00a0\u00bb sticky_enabled=\u00a0\u00bb0&Prime;][\/dsm_text_notation][\/et_pb_column][et_pb_column type=\u00a0\u00bb1_2&Prime; _builder_version=\u00a0\u00bb4.27.2&Prime; _module_preset=\u00a0\u00bbdefault\u00a0\u00bb global_colors_info=\u00a0\u00bb{}\u00a0\u00bb][dsm_blob_image blob_image=\u00a0\u00bbhttps:\/\/axlproduction.fr\/wp-content\/uploads\/2024\/11\/DSC01163-min.jpg\u00a0\u00bb title_text=\u00a0\u00bbDSC01163-min\u00a0\u00bb image_height=\u00a0\u00bb426px\u00a0\u00bb _builder_version=\u00a0\u00bb4.27.3&Prime; _module_preset=\u00a0\u00bbdefault\u00a0\u00bb global_colors_info=\u00a0\u00bb{}\u00a0\u00bb][\/dsm_blob_image][\/et_pb_column][\/et_pb_row][et_pb_row _builder_version=\u00a0\u00bb4.27.2&Prime; _module_preset=\u00a0\u00bbdefault\u00a0\u00bb global_colors_info=\u00a0\u00bb{}\u00a0\u00bb][et_pb_column type=\u00a0\u00bb4_4&Prime; _builder_version=\u00a0\u00bb4.27.2&Prime; _module_preset=\u00a0\u00bbdefault\u00a0\u00bb global_colors_info=\u00a0\u00bb{}\u00a0\u00bb][et_pb_text _builder_version=\u00a0\u00bb4.27.3&Prime; _module_preset=\u00a0\u00bbdefault\u00a0\u00bb text_font=\u00a0\u00bb&#8211;et_global_body_font||||||||\u00a0\u00bb text_text_color=\u00a0\u00bb#FFFFFF\u00a0\u00bb text_font_size=\u00a0\u00bb16px\u00a0\u00bb text_letter_spacing=\u00a0\u00bb1px\u00a0\u00bb text_orientation=\u00a0\u00bbjustified\u00a0\u00bb global_colors_info=\u00a0\u00bb{}\u00a0\u00bb]<\/p>\n<p>Salut, moi c\u2019est Axel, <strong>photographe<\/strong> et <strong>vid\u00e9aste<\/strong> derri\u00e8re <strong>Axl Production<\/strong> ! Si tu cherches quelqu\u2019un pour capturer les moments qui comptent vraiment, tu es au bon endroit. Depuis plusieurs ann\u00e9es, je me suis lanc\u00e9 dans l\u2019aventure de la photographie et de la vid\u00e9ographie avec une seule id\u00e9e en t\u00eate : transformer des instants de vie en souvenirs inoubliables.<\/p>\n<p>Que ce soit pour un <strong>mariage<\/strong>, un <strong>portrait<\/strong>, un <strong>shooting mode<\/strong>, ou un projet plus original comme la <strong>photographie automobile<\/strong> ou sportive, je mets toujours un point d\u2019honneur \u00e0 allier <strong>technique<\/strong> et <strong>cr\u00e9ativit\u00e9<\/strong>. Chaque projet est unique et m\u00e9rite une attention particuli\u00e8re. Ici, il n\u2019y a pas de format tout fait : je m\u2019adapte \u00e0 toi et \u00e0 tes besoins.<\/p>\n<p>[\/et_pb_text][et_pb_text _builder_version=\u00a0\u00bb4.27.2&Prime; _module_preset=\u00a0\u00bbdefault\u00a0\u00bb header_2_font=\u00a0\u00bb&#8211;et_global_body_font|||||||#EDF000|dashed\u00a0\u00bb header_2_text_align=\u00a0\u00bbleft\u00a0\u00bb header_2_text_color=\u00a0\u00bb#FFFFFF\u00a0\u00bb global_colors_info=\u00a0\u00bb{}\u00a0\u00bb]<\/p>\n<h2>Une passion qui devient un m\u00e9tier<\/h2>\n<p>[\/et_pb_text][dsm_content_timeline dsm_pointer_bg_color=\u00a0\u00bb#E09900&Prime; dsm_tree_bg_color=\u00a0\u00bb#FFFFFF\u00a0\u00bb dsm_tree_width=\u00a0\u00bb8px\u00a0\u00bb _builder_version=\u00a0\u00bb4.27.4&Prime; _module_preset=\u00a0\u00bbdefault\u00a0\u00bb header_text_align=\u00a0\u00bbcenter\u00a0\u00bb content_text_align=\u00a0\u00bbleft\u00a0\u00bb hover_enabled=\u00a0\u00bb0&Prime; border_width_top=\u00a0\u00bb0px\u00a0\u00bb border_width_all_pointer_border=\u00a0\u00bb1px\u00a0\u00bb border_color_all_pointer_border=\u00a0\u00bb#E09900&Prime; global_colors_info=\u00a0\u00bb{}\u00a0\u00bb sticky_enabled=\u00a0\u00bb0&Prime;][dsm_content_timeline_child dsm_use_icon_image=\u00a0\u00bboff\u00a0\u00bb dsm_title=\u00a0\u00bb2017&Prime; dsm_content=\u00a0\u00bb<\/p>\n<p style=%22text-align: justify;%22>Achat du premier appareil photo mais bon les r\u00e9sultats n&rsquo;\u00e9taient pas encore l\u00e0&#8230;<\/p>\n<p style=%22text-align: justify;%22>mais je reste passionn\u00e9 par la prise de vue photo vid\u00e9o et l&rsquo;amour pour le d\u00e9tail et l&#8217;emotion font rapidement leurs apparition<\/p>\n<p>\u00a0\u00bb dsm_horizontal_alignment=\u00a0\u00bbcenter\u00a0\u00bb _builder_version=\u00a0\u00bb4.27.3&Prime; _module_preset=\u00a0\u00bbdefault\u00a0\u00bb header_level=\u00a0\u00bbh3&Prime; header_font=\u00a0\u00bb&#8211;et_global_body_font|700|||||||\u00a0\u00bb header_text_color=\u00a0\u00bb#FFFFFF\u00a0\u00bb header_letter_spacing=\u00a0\u00bb5px\u00a0\u00bb content_font=\u00a0\u00bb&#8211;et_global_body_font||||||||\u00a0\u00bb content_text_align=\u00a0\u00bbjustify\u00a0\u00bb content_text_color=\u00a0\u00bb#FFFFFF\u00a0\u00bb opposite_text_text_align=\u00a0\u00bbjustify\u00a0\u00bb background_color=\u00a0\u00bb#000000&Prime; background_enable_color=\u00a0\u00bbon\u00a0\u00bb content_text_align_phone=\u00a0\u00bbleft\u00a0\u00bb content_text_align_last_edited=\u00a0\u00bboff|phone\u00a0\u00bb border_width_top=\u00a0\u00bb0px\u00a0\u00bb global_colors_info=\u00a0\u00bb{}\u00a0\u00bb parent_header_level=\u00a0\u00bbh4&Prime;][\/dsm_content_timeline_child][dsm_content_timeline_child dsm_use_icon_image=\u00a0\u00bboff\u00a0\u00bb dsm_title=\u00a0\u00bb2020&Prime; dsm_content=\u00a0\u00bb<\/p>\n<p><span>Cr\u00e9ation de <\/span><strong>Axl Production<\/strong><span>. C\u2019est l\u00e0 que l\u2019aventure a officiellement commenc\u00e9, avec l\u2019ambition de proposer des services photo et vid\u00e9o qui capturent les moments les plus importants de la vie.<\/span><\/p>\n<p>\u00a0\u00bb dsm_horizontal_alignment=\u00a0\u00bbcenter\u00a0\u00bb _builder_version=\u00a0\u00bb4.27.3&Prime; _module_preset=\u00a0\u00bbdefault\u00a0\u00bb header_level=\u00a0\u00bbh3&Prime; header_font=\u00a0\u00bb&#8211;et_global_body_font|700|||||||\u00a0\u00bb header_text_color=\u00a0\u00bb#FFFFFF\u00a0\u00bb header_letter_spacing=\u00a0\u00bb5px\u00a0\u00bb content_font=\u00a0\u00bb&#8211;et_global_body_font||||||||\u00a0\u00bb content_text_align=\u00a0\u00bbleft\u00a0\u00bb content_text_color=\u00a0\u00bb#FFFFFF\u00a0\u00bb background_color=\u00a0\u00bb#000000&Prime; background_enable_color=\u00a0\u00bbon\u00a0\u00bb global_colors_info=\u00a0\u00bb{}\u00a0\u00bb parent_header_level=\u00a0\u00bbh4&Prime;][\/dsm_content_timeline_child][dsm_content_timeline_child dsm_use_icon_image=\u00a0\u00bboff\u00a0\u00bb dsm_title=\u00a0\u00bb2021&Prime; dsm_content=\u00a0\u00bb<\/p>\n<p><span>Une ann\u00e9e charg\u00e9e en projets divers. De nombreux clients m\u2019ont fait confiance pour immortaliser leurs \u00e9v\u00e9nements et moments sp\u00e9ciaux. Chaque nouveau projet est une opportunit\u00e9 d&rsquo;am\u00e9liorer mes comp\u00e9tences.<\/span><\/p>\n<p>\u00a0\u00bb dsm_horizontal_alignment=\u00a0\u00bbcenter\u00a0\u00bb _builder_version=\u00a0\u00bb4.27.3&Prime; _module_preset=\u00a0\u00bbdefault\u00a0\u00bb header_level=\u00a0\u00bbh3&Prime; header_font=\u00a0\u00bb&#8211;et_global_body_font|700|||||||\u00a0\u00bb header_text_color=\u00a0\u00bb#FFFFFF\u00a0\u00bb header_letter_spacing=\u00a0\u00bb5px\u00a0\u00bb content_font=\u00a0\u00bb&#8211;et_global_body_font||||||||\u00a0\u00bb content_text_color=\u00a0\u00bb#FFFFFF\u00a0\u00bb background_color=\u00a0\u00bb#000000&Prime; background_enable_color=\u00a0\u00bbon\u00a0\u00bb global_colors_info=\u00a0\u00bb{}\u00a0\u00bb parent_header_level=\u00a0\u00bbh4&Prime;][\/dsm_content_timeline_child][dsm_content_timeline_child dsm_use_icon_image=\u00a0\u00bboff\u00a0\u00bb dsm_title=\u00a0\u00bb2022&Prime; dsm_content=\u00a0\u00bb<\/p>\n<p><span>Cette ann\u00e9e marque une mont\u00e9e en puissance ! J\u2019ai multipli\u00e9 les collaborations et les projets pour des clients divers, des particuliers aux entreprises. Mon approche personnalis\u00e9e et cr\u00e9ative a su convaincre de plus en plus de monde.<\/span><\/p>\n<p>\u00a0\u00bb dsm_horizontal_alignment=\u00a0\u00bbcenter\u00a0\u00bb _builder_version=\u00a0\u00bb4.27.3&Prime; _module_preset=\u00a0\u00bbdefault\u00a0\u00bb header_level=\u00a0\u00bbh3&Prime; header_font=\u00a0\u00bb&#8211;et_global_body_font|700|||||||\u00a0\u00bb header_text_color=\u00a0\u00bb#FFFFFF\u00a0\u00bb header_letter_spacing=\u00a0\u00bb5px\u00a0\u00bb content_font=\u00a0\u00bb&#8211;et_global_body_font||||||||\u00a0\u00bb content_text_color=\u00a0\u00bb#FFFFFF\u00a0\u00bb background_color=\u00a0\u00bb#000000&Prime; background_enable_color=\u00a0\u00bbon\u00a0\u00bb global_colors_info=\u00a0\u00bb{}\u00a0\u00bb parent_header_level=\u00a0\u00bbh4&Prime;][\/dsm_content_timeline_child][dsm_content_timeline_child dsm_use_icon_image=\u00a0\u00bboff\u00a0\u00bb dsm_title=\u00a0\u00bb2023&Prime; dsm_content=\u00a0\u00bb<\/p>\n<p><span>Un tournant pour Axl Production : j\u2019ai eu l\u2019honneur de capturer des souvenirs inoubliables, notamment le mariage de Cyril et Sarah, et de cr\u00e9er des contenus vid\u00e9o pour le <\/span><strong>HCMP<\/strong><span> durant la saison de hockey sur glace.<\/span><\/p>\n<p>\u00a0\u00bb dsm_horizontal_alignment=\u00a0\u00bbcenter\u00a0\u00bb _builder_version=\u00a0\u00bb4.27.3&Prime; _module_preset=\u00a0\u00bbdefault\u00a0\u00bb header_level=\u00a0\u00bbh3&Prime; header_font=\u00a0\u00bb&#8211;et_global_body_font|700|||||||\u00a0\u00bb header_text_color=\u00a0\u00bb#FFFFFF\u00a0\u00bb header_letter_spacing=\u00a0\u00bb5px\u00a0\u00bb content_font=\u00a0\u00bb&#8211;et_global_body_font||||||||\u00a0\u00bb content_text_color=\u00a0\u00bb#FFFFFF\u00a0\u00bb background_color=\u00a0\u00bb#000000&Prime; background_enable_color=\u00a0\u00bbon\u00a0\u00bb global_colors_info=\u00a0\u00bb{}\u00a0\u00bb parent_header_level=\u00a0\u00bbh4&Prime;][\/dsm_content_timeline_child][dsm_content_timeline_child dsm_use_icon_image=\u00a0\u00bboff\u00a0\u00bb dsm_title=\u00a0\u00bb2024&Prime; dsm_content=\u00a0\u00bb<\/p>\n<p><span>Une ann\u00e9e pleine de projets excitants : je continue \u00e0 cr\u00e9er du contenu pour le <\/span><strong>HCMP<\/strong><span> et lance un compte TikTok pour diversifier ma pr\u00e9sence. J\u2019ai aussi r\u00e9alis\u00e9 des photos de mariage pour Ben et Sophie, tout en poursuivant ma mission en tant que <\/span><strong>community manager<\/strong><span> des Bouquetins HCMP.<\/span><\/p>\n<p>\u00a0\u00bb dsm_horizontal_alignment=\u00a0\u00bbcenter\u00a0\u00bb _builder_version=\u00a0\u00bb4.27.3&Prime; _module_preset=\u00a0\u00bbdefault\u00a0\u00bb header_level=\u00a0\u00bbh3&Prime; header_font=\u00a0\u00bb&#8211;et_global_body_font|700|||||||\u00a0\u00bb header_text_color=\u00a0\u00bb#FFFFFF\u00a0\u00bb header_letter_spacing=\u00a0\u00bb5px\u00a0\u00bb content_font=\u00a0\u00bb&#8211;et_global_body_font||||||||\u00a0\u00bb content_text_color=\u00a0\u00bb#FFFFFF\u00a0\u00bb background_color=\u00a0\u00bb#000000&Prime; background_enable_color=\u00a0\u00bbon\u00a0\u00bb global_colors_info=\u00a0\u00bb{}\u00a0\u00bb parent_header_level=\u00a0\u00bbh4&Prime;][\/dsm_content_timeline_child][dsm_content_timeline_child dsm_use_icon_image=\u00a0\u00bboff\u00a0\u00bb dsm_title=\u00a0\u00bb2025&Prime; dsm_content=\u00a0\u00bb<\/p>\n<p style=%22text-align: justify;%22><span>Le futur est entre vos mains ! Vos projets sont les prochaines grandes \u00e9tapes. Mon travail est de les rendre aussi inoubliables que vous les imaginez. \u00c0 vos id\u00e9es, je suis pr\u00eat \u00e0 les capturer avec cr\u00e9ativit\u00e9 et passion !<\/span><\/p>\n<p>\u00a0\u00bb dsm_horizontal_alignment=\u00a0\u00bbcenter\u00a0\u00bb _builder_version=\u00a0\u00bb4.27.3&Prime; _module_preset=\u00a0\u00bbdefault\u00a0\u00bb header_level=\u00a0\u00bbh3&Prime; header_font=\u00a0\u00bb&#8211;et_global_body_font|700|||||||\u00a0\u00bb header_text_color=\u00a0\u00bb#FFFFFF\u00a0\u00bb header_letter_spacing=\u00a0\u00bb5px\u00a0\u00bb content_font=\u00a0\u00bb&#8211;et_global_body_font||||||||\u00a0\u00bb content_text_color=\u00a0\u00bb#FFFFFF\u00a0\u00bb background_color=\u00a0\u00bb#000000&Prime; background_enable_color=\u00a0\u00bbon\u00a0\u00bb global_colors_info=\u00a0\u00bb{}\u00a0\u00bb parent_header_level=\u00a0\u00bbh4&Prime;][\/dsm_content_timeline_child][\/dsm_content_timeline][\/et_pb_column][\/et_pb_row][et_pb_row _builder_version=\u00a0\u00bb4.27.2&Prime; _module_preset=\u00a0\u00bbdefault\u00a0\u00bb global_colors_info=\u00a0\u00bb{}\u00a0\u00bb][et_pb_column type=\u00a0\u00bb4_4&Prime; _builder_version=\u00a0\u00bb4.27.2&Prime; _module_preset=\u00a0\u00bbdefault\u00a0\u00bb global_colors_info=\u00a0\u00bb{}\u00a0\u00bb][et_pb_text _builder_version=\u00a0\u00bb4.27.3&Prime; _module_preset=\u00a0\u00bbdefault\u00a0\u00bb header_2_font=\u00a0\u00bb&#8211;et_global_body_font|||||||#EDF000|dashed\u00a0\u00bb header_2_text_align=\u00a0\u00bbleft\u00a0\u00bb header_2_text_color=\u00a0\u00bb#FFFFFF\u00a0\u00bb header_4_font=\u00a0\u00bb&#8211;et_global_body_font|||||||#EDF000|dashed\u00a0\u00bb header_4_text_align=\u00a0\u00bbleft\u00a0\u00bb header_4_text_color=\u00a0\u00bb#FFFFFF\u00a0\u00bb header_4_font_size=\u00a0\u00bb26px\u00a0\u00bb global_colors_info=\u00a0\u00bb{}\u00a0\u00bb]<\/p>\n<h4>Un processus simple et personnalis\u00e9<\/h4>\n<p>[\/et_pb_text][et_pb_text _builder_version=\u00a0\u00bb4.27.2&Prime; _module_preset=\u00a0\u00bbdefault\u00a0\u00bb text_font=\u00a0\u00bb&#8211;et_global_body_font||||||||\u00a0\u00bb text_text_color=\u00a0\u00bb#FFFFFF\u00a0\u00bb text_font_size=\u00a0\u00bb16px\u00a0\u00bb text_letter_spacing=\u00a0\u00bb1px\u00a0\u00bb text_orientation=\u00a0\u00bbjustified\u00a0\u00bb global_colors_info=\u00a0\u00bb{}\u00a0\u00bb]<\/p>\n<p><span>Chez <strong>Axl Production<\/strong>, je ne te propose pas juste des photos ou des vid\u00e9os. Je t\u2019offre une <\/span><strong>exp\u00e9rience personnalis\u00e9e<\/strong><span> du d\u00e9but \u00e0 la fin. On discute de ton projet, de tes attentes, et je m\u2019assure que tout soit parfait le jour J. Chaque projet est une collaboration, et mon but est de te fournir des images qui surpassent tes attentes.<\/span><\/p>\n<p>[\/et_pb_text][et_pb_divider color=\u00a0\u00bb#FFFFFF\u00a0\u00bb divider_position=\u00a0\u00bbcenter\u00a0\u00bb _builder_version=\u00a0\u00bb4.27.2&Prime; _module_preset=\u00a0\u00bbdefault\u00a0\u00bb max_width=\u00a0\u00bb70%\u00a0\u00bb max_width_tablet=\u00a0\u00bb80%\u00a0\u00bb max_width_phone=\u00a0\u00bb90%\u00a0\u00bb max_width_last_edited=\u00a0\u00bbon|tablet\u00a0\u00bb module_alignment=\u00a0\u00bbcenter\u00a0\u00bb custom_margin=\u00a0\u00bb40px||-45px||false|false\u00a0\u00bb global_colors_info=\u00a0\u00bb{}\u00a0\u00bb][\/et_pb_divider][\/et_pb_column][\/et_pb_row][et_pb_row _builder_version=\u00a0\u00bb4.27.2&Prime; _module_preset=\u00a0\u00bbdefault\u00a0\u00bb global_colors_info=\u00a0\u00bb{}\u00a0\u00bb][et_pb_column type=\u00a0\u00bb4_4&Prime; _builder_version=\u00a0\u00bb4.27.2&Prime; _module_preset=\u00a0\u00bbdefault\u00a0\u00bb global_colors_info=\u00a0\u00bb{}\u00a0\u00bb][et_pb_cta button_url=\u00a0\u00bb@ET-DC@eyJkeW5hbWljIjp0cnVlLCJjb250ZW50IjoicG9zdF9saW5rX3VybF9wYWdlIiwic2V0dGluZ3MiOnsicG9zdF9pZCI6IjgwIn19@\u00a0\u00bb button_text=\u00a0\u00bbEnvie de travailler ensemble \u00a0\u00bb _builder_version=\u00a0\u00bb4.27.2&Prime; _dynamic_attributes=\u00a0\u00bbbutton_url\u00a0\u00bb _module_preset=\u00a0\u00bbdefault\u00a0\u00bb header_font=\u00a0\u00bb&#8211;et_global_body_font||||||||\u00a0\u00bb header_text_align=\u00a0\u00bbcenter\u00a0\u00bb header_text_color=\u00a0\u00bb#000000&Prime; header_font_size=\u00a0\u00bb30px\u00a0\u00bb body_font=\u00a0\u00bb&#8211;et_global_body_font||||||||\u00a0\u00bb body_text_align=\u00a0\u00bbcenter\u00a0\u00bb body_text_color=\u00a0\u00bb#FFFFFF\u00a0\u00bb body_font_size=\u00a0\u00bb16px\u00a0\u00bb body_letter_spacing=\u00a0\u00bb1px\u00a0\u00bb background_color=\u00a0\u00bb#000000&Prime; custom_button=\u00a0\u00bbon\u00a0\u00bb button_text_size=\u00a0\u00bb23px\u00a0\u00bb button_text_color=\u00a0\u00bb#FFFFFF\u00a0\u00bb button_bg_color=\u00a0\u00bb#FFFFFF\u00a0\u00bb button_bg_use_color_gradient=\u00a0\u00bbon\u00a0\u00bb button_bg_color_gradient_stops=\u00a0\u00bbrgba(0,0,0,0.8) 0%|rgba(0,0,0,0.8) 100%\u00a0\u00bb button_bg_image=\u00a0\u00bbhttps:\/\/axlproduction.fr\/wp-content\/uploads\/2024\/10\/image00001.jpeg\u00a0\u00bb button_bg_blend=\u00a0\u00bbdarken\u00a0\u00bb button_border_width=\u00a0\u00bb1px\u00a0\u00bb button_border_color=\u00a0\u00bb#FFFFFF\u00a0\u00bb button_font=\u00a0\u00bb&#8211;et_global_body_font||||||||\u00a0\u00bb button_icon=\u00a0\u00bb&#x35;||divi||400&Prime; background_layout=\u00a0\u00bblight\u00a0\u00bb body_text_align_tablet=\u00a0\u00bbcenter\u00a0\u00bb body_text_align_phone=\u00a0\u00bbcenter\u00a0\u00bb body_text_align_last_edited=\u00a0\u00bbon|desktop\u00a0\u00bb global_colors_info=\u00a0\u00bb{}\u00a0\u00bb]<\/p>\n<p><span>Je suis bas\u00e9 en <strong>Savoie<\/strong> et <strong>Haute Savoie<\/strong>, mais je me d\u00e9place partout l\u00e0 o\u00f9 ton projet m\u2019emm\u00e8ne. N\u2019h\u00e9site pas \u00e0 me contacter si tu veux qu\u2019on discute de ton projet ou si tu as des questions sur mes services. Je serai ravi de t\u2019accompagner pour immortaliser tes moments, qu\u2019ils soient grands ou petits.<\/span><\/p>\n<p>[\/et_pb_cta][\/et_pb_column][\/et_pb_row][\/et_pb_section]<\/p>\n","protected":false},"excerpt":{"rendered":"<p><div class=\"et_pb_module dsm_text_notation dsm_text_notation_0  et_pb_text_align_left et_pb_bg_layout_light\">\n\t\t\t\t\n\t\t\t\t\n\t\t\t\t\n\t\t\t\t\n\t\t\t\t\n\t\t\t\t\n\t\t\t\t<div class=\"et_pb_module_inner\">\n\t\t\t\t\t<h1 class=\"dsm-text-notation-main et_pb_module_header\"><span data-notation=\"[{&quot;type&quot;:&quot;underline&quot;,&quot;color&quot;:&quot;#E09900&quot;,&quot;stroke-width&quot;:&quot;1&quot;,&quot;iterations&quot;:&quot;2&quot;,&quot;brackets&quot;:&quot;left|right&quot;,&quot;viewport&quot;:&quot;80%&quot;,&quot;delay&quot;:&quot;0ms&quot;,&quot;divi-animate&quot;:&quot;none&quot;,&quot;divi-animate-duration&quot;:&quot;1000ms&quot;,&quot;divi-animate-delay&quot;:&quot;0ms&quot;}]\" class=\"dsm-text-notation-middle\">Axl Production<\/span><span class=\"dsm-text-notation-after\">Photographe et Vid\u00e9aste Passionn\u00e9<\/span><\/h1>\n\t\t\t\t<\/div>\n\t\t\t<\/div><div class=\"et_pb_module dsm_blob_image dsm_blob_image_0\">\n\t\t\t\t\n\t\t\t\t\n\t\t\t\t\n\t\t\t\t\n\t\t\t\t\n\t\t\t\t\n\t\t\t\t<div class=\"et_pb_module_inner\">\n\t\t\t\t\t<div class=\"dsm_blob_image_wrap dsm_blob_image_one\">\n\t\t\t\t<img decoding=\"async\" src=\"https:\/\/axlproduction.fr\/wp-content\/uploads\/2024\/11\/DSC01163-min.jpg\" alt=\"\" title=\"DSC01163-min\" srcset=\"https:\/\/www.axlproduction.fr\/wp-content\/uploads\/2024\/11\/DSC01163-min.jpg 1000w, https:\/\/www.axlproduction.fr\/wp-content\/uploads\/2024\/11\/DSC01163-min-980x1470.jpg 980w, https:\/\/www.axlproduction.fr\/wp-content\/uploads\/2024\/11\/DSC01163-min-480x720.jpg 480w\" sizes=\"(min-width: 0px) and (max-width: 480px) 480px, (min-width: 481px) and (max-width: 980px) 980px, (min-width: 981px) 1000px, 100vw\" class=\"dsm_blob_image_img\" \/>\n\t\t\t\t\t\n\t\t\t<\/div>\n\t\t\t\t<\/div>\n\t\t\t<\/div>Salut, moi c\u2019est Axel, photographe et vid\u00e9aste derri\u00e8re Axl Production ! Si tu cherches quelqu\u2019un pour capturer les moments qui comptent vraiment, tu es au bon endroit. Depuis plusieurs ann\u00e9es, je me suis lanc\u00e9 dans l\u2019aventure de la photographie et de la vid\u00e9ographie avec une seule id\u00e9e en t\u00eate : transformer des instants de vie en souvenirs inoubliables. Que ce soit pour un mariage, un portrait, un shooting mode, ou un projet plus original comme la photographie automobile ou sportive, je mets toujours un point d\u2019honneur \u00e0 allier technique et cr\u00e9ativit\u00e9. Chaque projet est unique et m\u00e9rite une attention particuli\u00e8re. Ici, il n\u2019y a pas de format tout fait : je m\u2019adapte \u00e0 toi et \u00e0 tes besoins.Une passion qui devient un m\u00e9tier<div class=\"et_pb_with_border et_pb_module dsm_content_timeline dsm_content_timeline_0\">\n\t\t\t\t\n\t\t\t\t\n\t\t\t\t\n\t\t\t\t\n\t\t\t\t\n\t\t\t\t\n\t\t\t\t<div class=\"et_pb_module_inner\">\n\t\t\t\t\t<div class=\"dsm-content-timeline-items-wrapper dsm-center\" data-tree-animation=\"off\" data-tree-animation-tablet=\"\" data-tree-animation-phone=\"\" data-image_lightbox=\"off\">\n\t\t\t<div class=\"dsm-content-timeline-tree\">\n\t\t\t\t\n\t\t\t<\/div>\n\t\t   \n\t\t<\/div>\n\t\t\n\t\t\t\t<\/div>\n\t\t\t<\/div><div class=\"dsm-content-timeline-item-wrapper dsm_content_timeline_child_0\">\n\t\t\t\t\n\t\t\t\t<div class=\"dsm-content-timeline-content-wrapper dsm_wrapper_dsm_content_timeline_child_0 dsm-visibility\">   \t\t\n\t\t\t\t\t\n\t\t\t\t\t\n\t\t\t\t\t\n\t\t\t\t\t<div class=\"dsm-timeline-content\">\n\t\t\t\t\t\t<h4 class=\"dsm-title\">\u00bb2017&Prime;<\/h4>\n\t\t\t\t\t\t<div class=\"dsm-description\">\u00bbAchat<\/div>\n\t\t\t\t\t\t\n\t\t\t\t\t\t\n\t\t\t\t\t<\/div>\t\n\t\t\t\t<\/div>\n\t\t\t\t<div class=\"dsm-pointer-wrapper\">\n\t\t\t\t\t\n\t\t\t\t\t\n\t\t\t\t<\/div>\n\t\t\t<\/div><\/p>\n","protected":false},"author":1,"featured_media":0,"parent":0,"menu_order":0,"comment_status":"closed","ping_status":"closed","template":"","meta":{"_et_pb_use_builder":"on","_et_pb_old_content":"","_et_gb_content_width":"","footnotes":""},"class_list":["post-69","page","type-page","status-publish","hentry"],"_links":{"self":[{"href":"https:\/\/www.axlproduction.fr\/index.php\/wp-json\/wp\/v2\/pages\/69","targetHints":{"allow":["GET"]}}],"collection":[{"href":"https:\/\/www.axlproduction.fr\/index.php\/wp-json\/wp\/v2\/pages"}],"about":[{"href":"https:\/\/www.axlproduction.fr\/index.php\/wp-json\/wp\/v2\/types\/page"}],"author":[{"embeddable":true,"href":"https:\/\/www.axlproduction.fr\/index.php\/wp-json\/wp\/v2\/users\/1"}],"replies":[{"embeddable":true,"href":"https:\/\/www.axlproduction.fr\/index.php\/wp-json\/wp\/v2\/comments?post=69"}],"version-history":[{"count":14,"href":"https:\/\/www.axlproduction.fr\/index.php\/wp-json\/wp\/v2\/pages\/69\/revisions"}],"predecessor-version":[{"id":693,"href":"https:\/\/www.axlproduction.fr\/index.php\/wp-json\/wp\/v2\/pages\/69\/revisions\/693"}],"wp:attachment":[{"href":"https:\/\/www.axlproduction.fr\/index.php\/wp-json\/wp\/v2\/media?parent=69"}],"curies":[{"name":"wp","href":"https:\/\/api.w.org\/{rel}","templated":true}]}}