{"id":3,"date":"2024-10-15T19:00:30","date_gmt":"2024-10-15T17:00:30","guid":{"rendered":"https:\/\/axlproduction.fr\/?page_id=3"},"modified":"2024-11-15T14:45:47","modified_gmt":"2024-11-15T13:45:47","slug":"politique-de-confidentialite","status":"publish","type":"page","link":"https:\/\/www.axlproduction.fr\/index.php\/politique-de-confidentialite\/","title":{"rendered":"Politique de confidentialit\u00e9"},"content":{"rendered":"<p>[et_pb_section fb_built=\u00a0\u00bb1&Prime; admin_label=\u00a0\u00bbsection\u00a0\u00bb _builder_version=\u00a0\u00bb4.27.2&Prime; background_color=\u00a0\u00bb#000000&Prime; global_colors_info=\u00a0\u00bb{}\u00a0\u00bb][et_pb_row admin_label=\u00a0\u00bbrow\u00a0\u00bb _builder_version=\u00a0\u00bb4.16&Prime; background_size=\u00a0\u00bbinitial\u00a0\u00bb background_position=\u00a0\u00bbtop_left\u00a0\u00bb background_repeat=\u00a0\u00bbrepeat\u00a0\u00bb global_colors_info=\u00a0\u00bb{}\u00a0\u00bb][et_pb_column type=\u00a0\u00bb4_4&Prime; _builder_version=\u00a0\u00bb4.16&Prime; custom_padding=\u00a0\u00bb|||\u00a0\u00bb global_colors_info=\u00a0\u00bb{}\u00a0\u00bb custom_padding__hover=\u00a0\u00bb|||\u00a0\u00bb][et_pb_text admin_label=\u00a0\u00bbText\u00a0\u00bb _builder_version=\u00a0\u00bb4.27.3&Prime; text_font=\u00a0\u00bb&#8211;et_global_body_font||||||||\u00a0\u00bb text_text_color=\u00a0\u00bb#FFFFFF\u00a0\u00bb link_font=\u00a0\u00bb&#8211;et_global_body_font||||||||\u00a0\u00bb link_text_color=\u00a0\u00bb#EDF000&Prime; header_font=\u00a0\u00bb&#8211;et_global_body_font||||||||\u00a0\u00bb header_text_align=\u00a0\u00bbcenter\u00a0\u00bb header_text_color=\u00a0\u00bb#FFFFFF\u00a0\u00bb header_2_text_color=\u00a0\u00bb#FFFFFF\u00a0\u00bb background_size=\u00a0\u00bbinitial\u00a0\u00bb background_position=\u00a0\u00bbtop_left\u00a0\u00bb background_repeat=\u00a0\u00bbrepeat\u00a0\u00bb global_colors_info=\u00a0\u00bb{}\u00a0\u00bb]<\/p>\n<h1>politique de confidentialit\u00e9 de axl production<\/h1>\n<p>[\/et_pb_text][et_pb_text admin_label=\u00a0\u00bbText\u00a0\u00bb _builder_version=\u00a0\u00bb4.27.3&Prime; text_font=\u00a0\u00bb&#8211;et_global_body_font||||||||\u00a0\u00bb text_text_color=\u00a0\u00bb#FFFFFF\u00a0\u00bb link_font=\u00a0\u00bb&#8211;et_global_body_font||||||||\u00a0\u00bb link_text_color=\u00a0\u00bb#EDF000&Prime; header_2_text_color=\u00a0\u00bb#FFFFFF\u00a0\u00bb background_size=\u00a0\u00bbinitial\u00a0\u00bb background_position=\u00a0\u00bbtop_left\u00a0\u00bb background_repeat=\u00a0\u00bbrepeat\u00a0\u00bb global_colors_info=\u00a0\u00bb{}\u00a0\u00bb]<\/p>\n<p>AXL PRODUCTION<\/p>\n<p>Tel : <a href=\"tel:0658607170\"><span class=\"dsm_icon_list_text\">06 58 60 71 70<\/span><\/a><br \/>Email : <a href=\"mailto:contact@axlproduction.fr\">contact@axlproduction.fr<\/a><br \/>Adresse : <a class=\"Lien secondaire\" href=\"https:\/\/www.societe.com\/entreprises\/391_rue%20de%20l%20artisanat\/74330_POISY.html\">743 rue de l&rsquo;aiguille du fruit, 73120 COURCHEVEL<\/a><\/p>\n<p>Responsable publication : Titouan BARTHELEMY \u2013 contact@scaraweb.fr<br \/>Le responsable publication est une personne physique ou une personne morale.<br \/>Webmaster : Titouan BARTHELEMY \u2013 contact@scaraweb.fr<br \/>H\u00e9bergeur : HOSTINGER<br \/>D\u00e9l\u00e9gu\u00e9 \u00e0 la protection des donn\u00e9es : Titouan BARTHELEMY \u2013 contact@scaraweb.fr<\/p>\n<p>DONNEES NOMINATIVES \u2013 INFORMATIQUE ET LIBERTES<\/p>\n<p>Les donn\u00e9es nominatives demand\u00e9es au Client sont n\u00e9cessaires au traitement des demandes. Le Client reconnait et accepte que sa demande ne pourra pas \u00eatre trait\u00e9e si ces informations sont incompl\u00e8tes, obsol\u00e8tes ou inexactes. Conform\u00e9ment \u00e0 la loi Informatique et Libert\u00e9s n\u00b0 78-17 du 6 janvier 1978, le Client dispose d\u2019un droit d\u2019acc\u00e8s, de modification, de rectification et d\u2019opposition s\u2019agissant des informations le concernant. A cet effet, le Client pourra proc\u00e9der aux modifications en faisant une demande via le formulaire de contact. Il pourra en outre adresser toute demande accompagn\u00e9e d\u2019une copie d\u2019une pi\u00e8ce d\u2019identit\u00e9 \u00e0 AXL PRODUCTION \u00a0\u00e0 l\u2019adresse suivante : <a class=\"Lien secondaire\" href=\"https:\/\/www.societe.com\/entreprises\/391_rue%20de%20l%20artisanat\/74330_POISY.html\">743 rue de l&rsquo;aiguille du fruit, 73120 COURCHEVEL<\/a><a href=\"https:\/\/www.google.com\/maps\/place\/\/data=!4m2!3m1!1s0x478b84f8b0049bf7:0x9ed5fa893da20314?sa=X&amp;ved=1t:8290&amp;ictx=111\" data-url=\"\/maps\/place\/\/data=!4m2!3m1!1s0x478b84f8b0049bf7:0x9ed5fa893da20314?sa=X&amp;ved=2ahUKEwiN77O66IqJAxXxR6QEHTOjIk4Q4kB6BAgOEAA\" data-sb=\"\/url?sa=t&amp;source=web&amp;rct=j&amp;opi=89978449&amp;url=\/maps\/place\/\/data%3D!4m2!3m1!1s0x478b84f8b0049bf7:0x9ed5fa893da20314%3Fsa%3DX%26ved%3D1t:8290%26ictx%3D111&amp;ved=2ahUKEwiN77O66IqJAxXxR6QEHTOjIk4Q4kB6BAg0EAM&amp;usg=AOvVaw20-WXbAHKlSb0kNrYxMevN\" tabindex=\"0\"><span><\/span><\/a><\/p>\n<p>\u00c0 propos de cette politique de cookies<br \/>Cette politique sur les cookies explique ce que sont les cookies et comment nous les utilisons, les types de cookies que nous utilisons, les informations que nous recueillons \u00e0 l\u2019aide de cookies et comment ces informations sont utilis\u00e9es, et comment contr\u00f4ler les pr\u00e9f\u00e9rences de cookies. Pour plus d\u2019informations sur la fa\u00e7on dont nous utilisons, stockons et conservons vos donn\u00e9es personnelles en toute s\u00e9curit\u00e9, consultez notre Politique de confidentialit\u00e9.<\/p>\n<p>Vous pouvez \u00e0 tout moment modifier ou retirer votre consentement \u00e0 la d\u00e9claration de cookies sur notre site Web<br \/>D\u00e9couvrez qui nous sommes, comment vous pouvez nous contacter et comment nous traitons les donn\u00e9es personnelles dans notre Politique de confidentialit\u00e9.<\/p>\n<p>Votre consentement s\u2019applique aux domaines suivants :<\/p>\n<p>Que sont les cookies ?<br \/>Les cookies sont de petits fichiers texte qui sont utilis\u00e9s pour stocker de petites informations. Ils sont stock\u00e9s sur votre appareil lorsque le site Web est charg\u00e9 sur votre navigateur. Ces t\u00e9moins nous aident \u00e0 faire en sorte que le site Web fonctionne correctement, \u00e0 le rendre plus s\u00e9curitaire, \u00e0 offrir une meilleure exp\u00e9rience utilisateur, \u00e0 comprendre comment le site Web fonctionne et \u00e0 analyser ce qui fonctionne et o\u00f9 il doit \u00eatre am\u00e9lior\u00e9.<br \/>Comment utilisons-nous les cookies ?<br \/>Comme la plupart des services en ligne, notre site utilise des cookies de premi\u00e8re partie et de tiers \u00e0 plusieurs fins. Les cookies de premi\u00e8re partie sont principalement n\u00e9cessaires pour que le site fonctionne de la bonne fa\u00e7on, et ils ne recueillent aucune de vos donn\u00e9es personnellement identifiables.<\/p>\n<p>Les cookies tiers utilis\u00e9s sur notre site Web sont principalement utilis\u00e9s pour comprendre comment le site Web fonctionne, comment vous interagissez avec notre site Web, garder nos services s\u00e9curis\u00e9s, fournir des publicit\u00e9s qui sont pertinentes pour vous, et tout en vous offrant une exp\u00e9rience utilisateur meilleure et am\u00e9lior\u00e9e et aider \u00e0 acc\u00e9l\u00e9rer vos interactions futures avec notre site Web.<\/p>\n<p>Quels types de cookies utilisons-nous ?<br \/>Essentiel : Certains cookies sont essentiels pour que vous puissiez profiter de toutes les fonctionnalit\u00e9s de notre site. Ils nous permettent de tenir des s\u00e9ances avec les utilisateurs et de pr\u00e9venir toute menace \u00e0 la s\u00e9curit\u00e9. Ils ne recueillent ni ne stockent de renseignements personnels. Par exemple, ces cookies vous permettent de vous connecter \u00e0 votre compte<\/p>\n<p>Statistiques : Ces cookies stockent des informations comme le nombre de visiteurs du site, le nombre de visiteurs uniques, les pages du site ont \u00e9t\u00e9 visit\u00e9es, la source de la visite, Ces donn\u00e9es nous aident \u00e0 comprendre et \u00e0 analyser le rendement du site Web et les points \u00e0 am\u00e9liorer.<\/p>\n<p>Marketing : Notre site affiche des publicit\u00e9s. Ces cookies sont utilis\u00e9s pour personnaliser les publicit\u00e9s que nous vous montrons afin qu\u2019elles soient significatives pour vous. Ces cookies nous aident \u00e9galement \u00e0 suivre l\u2019efficacit\u00e9 de ces campagnes publicitaires.<br \/>Les informations stock\u00e9es dans ces cookies peuvent \u00e9galement \u00eatre utilis\u00e9es par les fournisseurs d\u2019annonces tiers pour vous montrer des annonces sur d\u2019autres sites Web sur le navigateur.<\/p>\n<p>Fonctionnel : Ce sont les cookies qui aident certaines fonctionnalit\u00e9s non essentielles sur notre site. Ces fonctionnalit\u00e9s comprennent l\u2019int\u00e9gration de contenu comme des vid\u00e9os ou le partage de contenu du site Web sur les plateformes de m\u00e9dias sociaux.<\/p>\n<p>Pr\u00e9f\u00e9rences : Ces cookies nous aident \u00e0 stocker vos param\u00e8tres et pr\u00e9f\u00e9rences de navigation comme les pr\u00e9f\u00e9rences linguistiques afin que vous ayez une meilleure et efficace exp\u00e9rience sur les visites futures du site.<\/p>\n<p><strong>Comment Google utilise les cookies ?\u00a0<\/strong><\/p>\n<p>Pour en savoir plus, acc\u00e9der aux r\u00e8gles de confidentialit\u00e9 et conditions d\u2019utilisation GOOGLE\u00a0\u00a0<a href=\"https:\/\/policies.google.com\/technologies\/partner-sites\">https:\/\/policies.google.com\/technologies\/partner-sites<\/a><\/p>\n<p>Comment puis-je contr\u00f4ler les pr\u00e9f\u00e9rences des cookies ?<br \/>Si vous d\u00e9cidez de modifier vos pr\u00e9f\u00e9rences plus tard dans votre session de navigation, vous pouvez cliquer sur l\u2019onglet \u00ab G\u00e9rer le consentement \u00bb sur votre \u00e9cran. Cela affichera \u00e0 nouveau l\u2019avis de consentement vous permettant de modifier vos pr\u00e9f\u00e9rences ou de retirer votre consentement enti\u00e8rement.<\/p>\n<p>En outre, diff\u00e9rents navigateurs fournissent diff\u00e9rentes m\u00e9thodes pour bloquer et supprimer les cookies utilis\u00e9s par les sites Web. Vous pouvez modifier les param\u00e8tres de votre navigateur pour bloquer\/supprimer les cookies. Pour en savoir plus sur la gestion et la suppression des cookies, visitez wikipedia.org, www.allaboutcookies.org.<\/p>\n<p>[\/et_pb_text][\/et_pb_column][\/et_pb_row][\/et_pb_section]<\/p>\n","protected":false},"excerpt":{"rendered":"<p>politique de confidentialit\u00e9 de axl productionAXL PRODUCTION Tel : 06 58 60 71 70Email : contact@axlproduction.frAdresse : 743 rue de l&rsquo;aiguille du fruit, 73120 COURCHEVEL Responsable publication : Titouan BARTHELEMY \u2013 contact@scaraweb.frLe responsable publication est une personne physique ou une personne morale.Webmaster : Titouan BARTHELEMY \u2013 contact@scaraweb.frH\u00e9bergeur : HOSTINGERD\u00e9l\u00e9gu\u00e9 \u00e0 la protection des donn\u00e9es : Titouan BARTHELEMY \u2013 contact@scaraweb.fr DONNEES NOMINATIVES \u2013 INFORMATIQUE ET LIBERTES Les donn\u00e9es nominatives demand\u00e9es au Client sont n\u00e9cessaires au traitement des demandes. Le Client reconnait et accepte que sa demande ne pourra pas \u00eatre trait\u00e9e si ces informations sont incompl\u00e8tes, obsol\u00e8tes ou inexactes. Conform\u00e9ment \u00e0 la loi Informatique et Libert\u00e9s n\u00b0 78-17 du 6 janvier 1978, le Client dispose d\u2019un droit d\u2019acc\u00e8s, de modification, de rectification et d\u2019opposition s\u2019agissant des informations le concernant. A cet effet, le Client pourra proc\u00e9der aux modifications en faisant une demande via le formulaire de contact. Il pourra en outre adresser toute demande accompagn\u00e9e d\u2019une copie d\u2019une pi\u00e8ce d\u2019identit\u00e9 \u00e0 AXL PRODUCTION \u00a0\u00e0 l\u2019adresse suivante : 743 rue de l&rsquo;aiguille du fruit, 73120 COURCHEVEL \u00c0 propos de cette politique de cookiesCette politique sur les cookies explique ce que sont les cookies et comment nous les utilisons, les types de cookies [&hellip;]<\/p>\n","protected":false},"author":1,"featured_media":0,"parent":0,"menu_order":0,"comment_status":"closed","ping_status":"closed","template":"","meta":{"_et_pb_use_builder":"on","_et_pb_old_content":"<!-- wp:heading -->\n<h2 class=\"wp-block-heading\">Qui sommes-nous\u00a0?<\/h2>\n<!-- \/wp:heading -->\n<!-- wp:paragraph -->\n<p><strong class=\"privacy-policy-tutorial\">Texte sugg\u00e9r\u00e9\u00a0: <\/strong>L\u2019adresse de notre site est\u00a0: http:\/\/localhost:8888\/axlproduction.<\/p>\n<!-- \/wp:paragraph -->\n<!-- wp:heading -->\n<h2 class=\"wp-block-heading\">Commentaires<\/h2>\n<!-- \/wp:heading -->\n<!-- wp:paragraph -->\n<p><strong class=\"privacy-policy-tutorial\">Texte sugg\u00e9r\u00e9\u00a0: <\/strong>Quand vous laissez un commentaire sur notre site, les donn\u00e9es inscrites dans le formulaire de commentaire, ainsi que votre adresse IP et l\u2019agent utilisateur de votre navigateur sont collect\u00e9s pour nous aider \u00e0 la d\u00e9tection des commentaires ind\u00e9sirables.<\/p>\n<!-- \/wp:paragraph -->\n<!-- wp:paragraph -->\n<p>Une cha\u00eene anonymis\u00e9e cr\u00e9\u00e9e \u00e0 partir de votre adresse e-mail (\u00e9galement appel\u00e9e hash) peut \u00eatre envoy\u00e9e au service Gravatar pour v\u00e9rifier si vous utilisez ce dernier. Les clauses de confidentialit\u00e9 du service Gravatar sont disponibles ici\u00a0: https:\/\/automattic.com\/privacy\/. Apr\u00e8s validation de votre commentaire, votre photo de profil sera visible publiquement \u00e0 cot\u00e9 de votre commentaire.<\/p>\n<!-- \/wp:paragraph -->\n<!-- wp:heading -->\n<h2 class=\"wp-block-heading\">M\u00e9dias<\/h2>\n<!-- \/wp:heading -->\n<!-- wp:paragraph -->\n<p><strong class=\"privacy-policy-tutorial\">Texte sugg\u00e9r\u00e9\u00a0: <\/strong>Si vous t\u00e9l\u00e9versez des images sur le site, nous vous conseillons d\u2019\u00e9viter de t\u00e9l\u00e9verser des images contenant des donn\u00e9es EXIF de coordonn\u00e9es GPS. Les personnes visitant votre site peuvent t\u00e9l\u00e9charger et extraire des donn\u00e9es de localisation depuis ces images.<\/p>\n<!-- \/wp:paragraph -->\n<!-- wp:heading -->\n<h2 class=\"wp-block-heading\">Cookies<\/h2>\n<!-- \/wp:heading -->\n<!-- wp:paragraph -->\n<p><strong class=\"privacy-policy-tutorial\">Texte sugg\u00e9r\u00e9\u00a0: <\/strong>Si vous d\u00e9posez un commentaire sur notre site, il vous sera propos\u00e9 d\u2019enregistrer votre nom, adresse e-mail et site dans des cookies. C\u2019est uniquement pour votre confort afin de ne pas avoir \u00e0 saisir ces informations si vous d\u00e9posez un autre commentaire plus tard. Ces cookies expirent au bout d\u2019un an.<\/p>\n<!-- \/wp:paragraph -->\n<!-- wp:paragraph -->\n<p>Si vous vous rendez sur la page de connexion, un cookie temporaire sera cr\u00e9\u00e9 afin de d\u00e9terminer si votre navigateur accepte les cookies. Il ne contient pas de donn\u00e9es personnelles et sera supprim\u00e9 automatiquement \u00e0 la fermeture de votre navigateur.<\/p>\n<!-- \/wp:paragraph -->\n<!-- wp:paragraph -->\n<p>Lorsque vous vous connecterez, nous mettrons en place un certain nombre de cookies pour enregistrer vos informations de connexion et vos pr\u00e9f\u00e9rences d\u2019\u00e9cran. La dur\u00e9e de vie d\u2019un cookie de connexion est de deux jours, celle d\u2019un cookie d\u2019option d\u2019\u00e9cran est d\u2019un an. Si vous cochez \u00ab\u00a0Se souvenir de moi\u00a0\u00bb, votre cookie de connexion sera conserv\u00e9 pendant deux semaines. Si vous vous d\u00e9connectez de votre compte, le cookie de connexion sera effac\u00e9.<\/p>\n<!-- \/wp:paragraph -->\n<!-- wp:paragraph -->\n<p>En modifiant ou en publiant une publication, un cookie suppl\u00e9mentaire sera enregistr\u00e9 dans votre navigateur. Ce cookie ne comprend aucune donn\u00e9e personnelle. Il indique simplement l\u2019ID de la publication que vous venez de modifier. Il expire au bout d\u2019un jour.<\/p>\n<!-- \/wp:paragraph -->\n<!-- wp:heading -->\n<h2 class=\"wp-block-heading\">Contenu embarqu\u00e9 depuis d\u2019autres sites<\/h2>\n<!-- \/wp:heading -->\n<!-- wp:paragraph -->\n<p><strong class=\"privacy-policy-tutorial\">Texte sugg\u00e9r\u00e9\u00a0: <\/strong>Les articles de ce site peuvent inclure des contenus int\u00e9gr\u00e9s (par exemple des vid\u00e9os, images, articles\u2026). Le contenu int\u00e9gr\u00e9 depuis d\u2019autres sites se comporte de la m\u00eame mani\u00e8re que si le visiteur se rendait sur cet autre site.<\/p>\n<!-- \/wp:paragraph -->\n<!-- wp:paragraph -->\n<p>Ces sites web pourraient collecter des donn\u00e9es sur vous, utiliser des cookies, embarquer des outils de suivis tiers, suivre vos interactions avec ces contenus embarqu\u00e9s si vous disposez d\u2019un compte connect\u00e9 sur leur site web.<\/p>\n<!-- \/wp:paragraph -->\n<!-- wp:heading -->\n<h2 class=\"wp-block-heading\">Utilisation et transmission de vos donn\u00e9es personnelles<\/h2>\n<!-- \/wp:heading -->\n<!-- wp:paragraph -->\n<p><strong class=\"privacy-policy-tutorial\">Texte sugg\u00e9r\u00e9\u00a0: <\/strong>Si vous demandez une r\u00e9initialisation de votre mot de passe, votre adresse IP sera incluse dans l\u2019e-mail de r\u00e9initialisation.<\/p>\n<!-- \/wp:paragraph -->\n<!-- wp:heading -->\n<h2 class=\"wp-block-heading\">Dur\u00e9es de stockage de vos donn\u00e9es<\/h2>\n<!-- \/wp:heading -->\n<!-- wp:paragraph -->\n<p><strong class=\"privacy-policy-tutorial\">Texte sugg\u00e9r\u00e9\u00a0: <\/strong>Si vous laissez un commentaire, le commentaire et ses m\u00e9tadonn\u00e9es sont conserv\u00e9s ind\u00e9finiment. Cela permet de reconna\u00eetre et approuver automatiquement les commentaires suivants au lieu de les laisser dans la file de mod\u00e9ration.<\/p>\n<!-- \/wp:paragraph -->\n<!-- wp:paragraph -->\n<p>Pour les comptes qui s\u2019inscrivent sur notre site (le cas \u00e9ch\u00e9ant), nous stockons \u00e9galement les donn\u00e9es personnelles indiqu\u00e9es dans leur profil. Tous les comptes peuvent voir, modifier ou supprimer leurs informations personnelles \u00e0 tout moment (\u00e0 l\u2019exception de leur identifiant). Les gestionnaires du site peuvent aussi voir et modifier ces informations.<\/p>\n<!-- \/wp:paragraph -->\n<!-- wp:heading -->\n<h2 class=\"wp-block-heading\">Les droits que vous avez sur vos donn\u00e9es<\/h2>\n<!-- \/wp:heading -->\n<!-- wp:paragraph -->\n<p><strong class=\"privacy-policy-tutorial\">Texte sugg\u00e9r\u00e9\u00a0: <\/strong>Si vous avez un compte ou si vous avez laiss\u00e9 des commentaires sur le site, vous pouvez demander \u00e0 recevoir un fichier contenant toutes les donn\u00e9es personnelles que nous poss\u00e9dons \u00e0 votre sujet, incluant celles que vous nous avez fournies. Vous pouvez \u00e9galement demander la suppression des donn\u00e9es personnelles vous concernant. Cela ne prend pas en compte les donn\u00e9es stock\u00e9es \u00e0 des fins administratives, l\u00e9gales ou pour des raisons de s\u00e9curit\u00e9.<\/p>\n<!-- \/wp:paragraph -->\n<!-- wp:heading -->\n<h2 class=\"wp-block-heading\">O\u00f9 vos donn\u00e9es sont envoy\u00e9es<\/h2>\n<!-- \/wp:heading -->\n<!-- wp:paragraph -->\n<p><strong class=\"privacy-policy-tutorial\">Texte sugg\u00e9r\u00e9\u00a0: <\/strong>Les commentaires des visiteurs peuvent \u00eatre v\u00e9rifi\u00e9s \u00e0 l\u2019aide d\u2019un service automatis\u00e9 de d\u00e9tection des commentaires ind\u00e9sirables.<\/p>\n<!-- \/wp:paragraph -->\n","_et_gb_content_width":"","footnotes":""},"class_list":["post-3","page","type-page","status-publish","hentry"],"_links":{"self":[{"href":"https:\/\/www.axlproduction.fr\/index.php\/wp-json\/wp\/v2\/pages\/3","targetHints":{"allow":["GET"]}}],"collection":[{"href":"https:\/\/www.axlproduction.fr\/index.php\/wp-json\/wp\/v2\/pages"}],"about":[{"href":"https:\/\/www.axlproduction.fr\/index.php\/wp-json\/wp\/v2\/types\/page"}],"author":[{"embeddable":true,"href":"https:\/\/www.axlproduction.fr\/index.php\/wp-json\/wp\/v2\/users\/1"}],"replies":[{"embeddable":true,"href":"https:\/\/www.axlproduction.fr\/index.php\/wp-json\/wp\/v2\/comments?post=3"}],"version-history":[{"count":10,"href":"https:\/\/www.axlproduction.fr\/index.php\/wp-json\/wp\/v2\/pages\/3\/revisions"}],"predecessor-version":[{"id":451,"href":"https:\/\/www.axlproduction.fr\/index.php\/wp-json\/wp\/v2\/pages\/3\/revisions\/451"}],"wp:attachment":[{"href":"https:\/\/www.axlproduction.fr\/index.php\/wp-json\/wp\/v2\/media?parent=3"}],"curies":[{"name":"wp","href":"https:\/\/api.w.org\/{rel}","templated":true}]}}